{"id":158,"date":"2018-01-27T13:33:12","date_gmt":"2018-01-27T12:33:12","guid":{"rendered":"http:\/\/www.lv-hypnose.fr\/?page_id=158"},"modified":"2019-06-14T11:26:43","modified_gmt":"2019-06-14T09:26:43","slug":"lhypnose-pour-les-enfants-et-adolescents","status":"publish","type":"page","link":"https:\/\/www.lv-hypnose.fr\/index.php\/lhypnose-pour-les-enfants-et-adolescents\/","title":{"rendered":"L&rsquo;Hypnose pour les enfants et adolescents"},"content":{"rendered":"<p>Dans mon cabinet, je propose un suivi particulier pour les enfants et adolescents.<\/p>\n<p>L\u2019\u00e9tat de conscience modifi\u00e9 est tr\u00e8s pr\u00e9sent chez les enfants. A travers leur imagination et leur cr\u00e9ativit\u00e9, dans leurs jeux, dans leurs pens\u00e9es, ils ont l\u2019habitude d\u2019\u00eatre \u00e0 la fois ici et ailleurs.<\/p>\n<p>Avec des techniques qui leur sont d\u00e9di\u00e9es, mon r\u00f4le est de les aider \u00e0 acc\u00e9der \u00e0 cet \u00e9tat de conscience afin de traiter <strong>rapidement <\/strong>certains blocages ou certains troubles dont ils souffrent\u00a0:<\/p>\n<ul>\n<li><span style=\"color: #564741;\"><strong>Difficult\u00e9s d\u2019apprentissage scolaire\u00a0<\/strong>:<\/span> concentration, motivation, phobie scolaire, aide aux dys&#8230;<\/li>\n<\/ul>\n<ul>\n<li><span style=\"color: #564741;\"><strong>Difficult\u00e9s familiales\u00a0<\/strong>:<\/span> divorce, s\u00e9paration, arriv\u00e9e de fr\u00e8res et s\u0153urs, disparition d&rsquo;un parent&#8230;<\/li>\n<\/ul>\n<p><strong>\u00a0<\/strong><\/p>\n<ul>\n<li><span style=\"color: #564741;\"><strong>Enur\u00e9sie, troubles du sommeil, enfant qui continue \u00e0 sucer son pouce (probl\u00e8mes d&rsquo;orthodontie)<\/strong><\/span><\/li>\n<\/ul>\n<p><strong>\u00a0<\/strong><\/p>\n<ul>\n<li><span style=\"color: #564741;\"><strong>Confiance en soi, col\u00e8re, agressivit\u00e9, angoisses, peurs, mal-\u00eatre en g\u00e9n\u00e9ral&#8230;<\/strong><\/span><\/li>\n<\/ul>\n<p><span style=\"text-decoration: underline;\">Attention<\/span> : Seul un m\u00e9decin peut poser des diagnostics et est habilit\u00e9 \u00e0 prescrire, modifier ou supprimer un traitement m\u00e9dical.\u00a0Toute question relevant du domaine m\u00e9dical est donc \u00e0 poser \u00e0 votre m\u00e9decin traitant. En hypnose nous ne traitons ni de sympt\u00f4mes, ni de maladies en tant que tels.<\/p>\n<h2><span style=\"color: #800000;\"><a style=\"color: #800000;\" href=\"http:\/\/www.lv-hypnose.fr\/index.php\/champs-dapplication\/champs-dapplication-hypnose-humaniste\/\">Et quels champs d&rsquo;application pour les adultes ?<\/a><\/span><\/h2>\n","protected":false},"excerpt":{"rendered":"<p>Dans mon cabinet, je propose un suivi particulier pour les enfants et adolescents. L\u2019\u00e9tat de conscience modifi\u00e9 est tr\u00e8s pr\u00e9sent chez les enfants. A travers leur imagination et leur cr\u00e9ativit\u00e9, dans leurs jeux, dans leurs pens\u00e9es, ils ont l\u2019habitude d\u2019\u00eatre \u00e0 la fois ici et ailleurs. Avec des techniques qui leur sont d\u00e9di\u00e9es, mon r\u00f4le [&hellip;]<\/p>\n","protected":false},"author":1,"featured_media":0,"parent":0,"menu_order":3,"comment_status":"closed","ping_status":"closed","template":"","meta":[],"yoast_head":"<!-- This site is optimized with the Yoast SEO plugin v15.2.1 - https:\/\/yoast.com\/wordpress\/plugins\/seo\/ -->\n<title>L&#039;Hypnose pour les enfants et adolescents - lv-hypnose.fr<\/title>\n<meta name=\"robots\" content=\"index, follow, max-snippet:-1, max-image-preview:large, max-video-preview:-1\" \/>\n<link rel=\"canonical\" href=\"https:\/\/www.lv-hypnose.fr\/index.php\/lhypnose-pour-les-enfants-et-adolescents\/\" \/>\n<meta property=\"og:locale\" content=\"fr_FR\" \/>\n<meta property=\"og:type\" content=\"article\" \/>\n<meta property=\"og:title\" content=\"L&#039;Hypnose pour les enfants et adolescents - lv-hypnose.fr\" \/>\n<meta property=\"og:description\" content=\"Dans mon cabinet, je propose un suivi particulier pour les enfants et adolescents. L\u2019\u00e9tat de conscience modifi\u00e9 est tr\u00e8s pr\u00e9sent chez les enfants. A travers leur imagination et leur cr\u00e9ativit\u00e9, dans leurs jeux, dans leurs pens\u00e9es, ils ont l\u2019habitude d\u2019\u00eatre \u00e0 la fois ici et ailleurs. Avec des techniques qui leur sont d\u00e9di\u00e9es, mon r\u00f4le [&hellip;]\" \/>\n<meta property=\"og:url\" content=\"https:\/\/www.lv-hypnose.fr\/index.php\/lhypnose-pour-les-enfants-et-adolescents\/\" \/>\n<meta property=\"og:site_name\" content=\"lv-hypnose.fr\" \/>\n<meta property=\"article:modified_time\" content=\"2019-06-14T09:26:43+00:00\" \/>\n<meta name=\"twitter:card\" content=\"summary_large_image\" \/>\n<meta name=\"twitter:label1\" content=\"\u00c9crit par\">\n\t<meta name=\"twitter:data1\" content=\"admin1261\">\n\t<meta name=\"twitter:label2\" content=\"Dur\u00e9e de lecture est.\">\n\t<meta name=\"twitter:data2\" content=\"1 minute\">\n<script type=\"application\/ld+json\" class=\"yoast-schema-graph\">{\"@context\":\"https:\/\/schema.org\",\"@graph\":[{\"@type\":\"WebSite\",\"@id\":\"http:\/\/www.lv-hypnose.fr\/#website\",\"url\":\"http:\/\/www.lv-hypnose.fr\/\",\"name\":\"lv-hypnose.fr\",\"description\":\"Elevez-vous gr\\u00e2ce \\u00e0 l&#039;Hypnoth\\u00e9rapie\",\"potentialAction\":[{\"@type\":\"SearchAction\",\"target\":\"http:\/\/www.lv-hypnose.fr\/?s={search_term_string}\",\"query-input\":\"required name=search_term_string\"}],\"inLanguage\":\"fr-FR\"},{\"@type\":\"WebPage\",\"@id\":\"https:\/\/www.lv-hypnose.fr\/index.php\/lhypnose-pour-les-enfants-et-adolescents\/#webpage\",\"url\":\"https:\/\/www.lv-hypnose.fr\/index.php\/lhypnose-pour-les-enfants-et-adolescents\/\",\"name\":\"L'Hypnose pour les enfants et adolescents - lv-hypnose.fr\",\"isPartOf\":{\"@id\":\"http:\/\/www.lv-hypnose.fr\/#website\"},\"datePublished\":\"2018-01-27T12:33:12+00:00\",\"dateModified\":\"2019-06-14T09:26:43+00:00\",\"inLanguage\":\"fr-FR\",\"potentialAction\":[{\"@type\":\"ReadAction\",\"target\":[\"https:\/\/www.lv-hypnose.fr\/index.php\/lhypnose-pour-les-enfants-et-adolescents\/\"]}]}]}<\/script>\n<!-- \/ Yoast SEO plugin. -->","_links":{"self":[{"href":"https:\/\/www.lv-hypnose.fr\/index.php\/wp-json\/wp\/v2\/pages\/158"}],"collection":[{"href":"https:\/\/www.lv-hypnose.fr\/index.php\/wp-json\/wp\/v2\/pages"}],"about":[{"href":"https:\/\/www.lv-hypnose.fr\/index.php\/wp-json\/wp\/v2\/types\/page"}],"author":[{"embeddable":true,"href":"https:\/\/www.lv-hypnose.fr\/index.php\/wp-json\/wp\/v2\/users\/1"}],"replies":[{"embeddable":true,"href":"https:\/\/www.lv-hypnose.fr\/index.php\/wp-json\/wp\/v2\/comments?post=158"}],"version-history":[{"count":7,"href":"https:\/\/www.lv-hypnose.fr\/index.php\/wp-json\/wp\/v2\/pages\/158\/revisions"}],"predecessor-version":[{"id":312,"href":"https:\/\/www.lv-hypnose.fr\/index.php\/wp-json\/wp\/v2\/pages\/158\/revisions\/312"}],"wp:attachment":[{"href":"https:\/\/www.lv-hypnose.fr\/index.php\/wp-json\/wp\/v2\/media?parent=158"}],"curies":[{"name":"wp","href":"https:\/\/api.w.org\/{rel}","templated":true}]}}