{"id":22,"date":"2018-01-10T14:27:59","date_gmt":"2018-01-10T13:27:59","guid":{"rendered":"http:\/\/www.lv-hypnose.fr\/?page_id=22"},"modified":"2018-05-24T16:36:56","modified_gmt":"2018-05-24T14:36:56","slug":"accueil","status":"publish","type":"page","link":"https:\/\/www.lv-hypnose.fr\/","title":{"rendered":"Bienvenue en hypnoth\u00e9rapie !"},"content":{"rendered":"<h3><\/h3>\n<h3><span style=\"color: #5e2f2f;\">Et si l&rsquo;hypnoth\u00e9rapie vous aidait \u00e0 transformer votre vie ?<\/span><\/h3>\n<p>&nbsp;<\/p>\n<p>Parfois, quand on a des difficult\u00e9s dans la vie, on se rend compte, seul ou avec un long travail th\u00e9rapeutique, des sch\u00e9mas que l\u2019on a construits et dans lesquels on a pu s\u2019enfermer. On a alors parfaitement conscience de nos probl\u00e8mes et c\u2019est un premier pas, mais pour autant, et malgr\u00e9 nos efforts, on ne parvient pas \u00e0 initier les changements que l\u2019on souhaiterait pour se sentir enfin mieux.<\/p>\n<p><strong>L\u2019hypnose<\/strong>, \u00e0 travers sa palette de techniques adapt\u00e9es \u00e0 chaque situation, est un <strong>outil puissant<\/strong> qui peut permettre de mettre en place, <strong>de mani\u00e8re rapide et p\u00e9renne<\/strong>, ces changements que vous recherchez.<\/p>\n<p>Les personnes croient souvent qu\u2019il faut des mois voire des ann\u00e9es pour aller vers un mieux-\u00eatre et voir cet \u00e9tat perdurer\u2026<\/p>\n<p>Lorsque vous \u00eates en \u00e9tat d\u2019hypnose, vous ouvrez <strong><u>votre<\/u> champ des possibles. <\/strong>C&rsquo;est alors que vous\u00a0acc\u00e9dez \u00e0 votre inconscient, cet automate int\u00e9rieur qui contient \u00e0 la fois vos maux, vos \u00e9motions, vos m\u00e9moires mais aussi toutes les ressources et solutions inexploit\u00e9es pour initier vos changements.<\/p>\n","protected":false},"excerpt":{"rendered":"<p>Et si l&rsquo;hypnoth\u00e9rapie vous aidait \u00e0 transformer votre vie ? &nbsp; Parfois, quand on a des difficult\u00e9s dans la vie, on se rend compte, seul ou avec un long travail th\u00e9rapeutique, des sch\u00e9mas que l\u2019on a construits et dans lesquels on a pu s\u2019enfermer. On a alors parfaitement conscience de nos probl\u00e8mes et c\u2019est un [&hellip;]<\/p>\n","protected":false},"author":1,"featured_media":0,"parent":0,"menu_order":0,"comment_status":"closed","ping_status":"closed","template":"","meta":[],"yoast_head":"<!-- This site is optimized with the Yoast SEO plugin v15.2.1 - https:\/\/yoast.com\/wordpress\/plugins\/seo\/ -->\n<title>Elevez-vous gr\u00e2ce \u00e0 l&#039;hypnoth\u00e9rapie<\/title>\n<meta name=\"description\" content=\"Gr\u00e2ce \u00e0 l&#039;hypnoth\u00e9rapie, transformez votre vie ! L\u2019hypnose humaniste est un outil puissant qui vous permet de mettre en place, de mani\u00e8re rapide et p\u00e9renne, les changements que vous recherchez. Sans suggestion ou manipulation de l&#039;esprit, en \u00e9tat de pleine conscience, vous programmez vous-m\u00eame ces transformations.\" \/>\n<meta name=\"robots\" content=\"index, follow, max-snippet:-1, max-image-preview:large, max-video-preview:-1\" \/>\n<link rel=\"canonical\" href=\"http:\/\/www.lv-hypnose.fr\/\" \/>\n<meta property=\"og:locale\" content=\"fr_FR\" \/>\n<meta property=\"og:type\" content=\"article\" \/>\n<meta property=\"og:title\" content=\"Elevez-vous gr\u00e2ce \u00e0 l&#039;hypnoth\u00e9rapie\" \/>\n<meta property=\"og:description\" content=\"Gr\u00e2ce \u00e0 l&#039;hypnoth\u00e9rapie, transformez votre vie ! L\u2019hypnose humaniste est un outil puissant qui vous permet de mettre en place, de mani\u00e8re rapide et p\u00e9renne, les changements que vous recherchez. Sans suggestion ou manipulation de l&#039;esprit, en \u00e9tat de pleine conscience, vous programmez vous-m\u00eame ces transformations.\" \/>\n<meta property=\"og:url\" content=\"http:\/\/www.lv-hypnose.fr\/\" \/>\n<meta property=\"og:site_name\" content=\"lv-hypnose.fr\" \/>\n<meta property=\"article:modified_time\" content=\"2018-05-24T14:36:56+00:00\" \/>\n<meta name=\"twitter:card\" content=\"summary_large_image\" \/>\n<meta name=\"twitter:label1\" content=\"\u00c9crit par\">\n\t<meta name=\"twitter:data1\" content=\"admin1261\">\n\t<meta name=\"twitter:label2\" content=\"Dur\u00e9e de lecture est.\">\n\t<meta name=\"twitter:data2\" content=\"1 minute\">\n<script type=\"application\/ld+json\" class=\"yoast-schema-graph\">{\"@context\":\"https:\/\/schema.org\",\"@graph\":[{\"@type\":\"WebSite\",\"@id\":\"http:\/\/www.lv-hypnose.fr\/#website\",\"url\":\"http:\/\/www.lv-hypnose.fr\/\",\"name\":\"lv-hypnose.fr\",\"description\":\"Elevez-vous gr\\u00e2ce \\u00e0 l&#039;Hypnoth\\u00e9rapie\",\"potentialAction\":[{\"@type\":\"SearchAction\",\"target\":\"http:\/\/www.lv-hypnose.fr\/?s={search_term_string}\",\"query-input\":\"required name=search_term_string\"}],\"inLanguage\":\"fr-FR\"},{\"@type\":\"WebPage\",\"@id\":\"http:\/\/www.lv-hypnose.fr\/#webpage\",\"url\":\"http:\/\/www.lv-hypnose.fr\/\",\"name\":\"Elevez-vous gr\\u00e2ce \\u00e0 l'hypnoth\\u00e9rapie\",\"isPartOf\":{\"@id\":\"http:\/\/www.lv-hypnose.fr\/#website\"},\"datePublished\":\"2018-01-10T13:27:59+00:00\",\"dateModified\":\"2018-05-24T14:36:56+00:00\",\"description\":\"Gr\\u00e2ce \\u00e0 l'hypnoth\\u00e9rapie, transformez votre vie ! L\\u2019hypnose humaniste est un outil puissant qui vous permet de mettre en place, de mani\\u00e8re rapide et p\\u00e9renne, les changements que vous recherchez. Sans suggestion ou manipulation de l'esprit, en \\u00e9tat de pleine conscience, vous programmez vous-m\\u00eame ces transformations.\",\"inLanguage\":\"fr-FR\",\"potentialAction\":[{\"@type\":\"ReadAction\",\"target\":[\"http:\/\/www.lv-hypnose.fr\/\"]}]}]}<\/script>\n<!-- \/ Yoast SEO plugin. -->","_links":{"self":[{"href":"https:\/\/www.lv-hypnose.fr\/index.php\/wp-json\/wp\/v2\/pages\/22"}],"collection":[{"href":"https:\/\/www.lv-hypnose.fr\/index.php\/wp-json\/wp\/v2\/pages"}],"about":[{"href":"https:\/\/www.lv-hypnose.fr\/index.php\/wp-json\/wp\/v2\/types\/page"}],"author":[{"embeddable":true,"href":"https:\/\/www.lv-hypnose.fr\/index.php\/wp-json\/wp\/v2\/users\/1"}],"replies":[{"embeddable":true,"href":"https:\/\/www.lv-hypnose.fr\/index.php\/wp-json\/wp\/v2\/comments?post=22"}],"version-history":[{"count":12,"href":"https:\/\/www.lv-hypnose.fr\/index.php\/wp-json\/wp\/v2\/pages\/22\/revisions"}],"predecessor-version":[{"id":273,"href":"https:\/\/www.lv-hypnose.fr\/index.php\/wp-json\/wp\/v2\/pages\/22\/revisions\/273"}],"wp:attachment":[{"href":"https:\/\/www.lv-hypnose.fr\/index.php\/wp-json\/wp\/v2\/media?parent=22"}],"curies":[{"name":"wp","href":"https:\/\/api.w.org\/{rel}","templated":true}]}}