{"id":42,"date":"2018-01-12T09:46:52","date_gmt":"2018-01-12T08:46:52","guid":{"rendered":"http:\/\/www.lv-hypnose.fr\/?page_id=42"},"modified":"2018-05-24T18:26:57","modified_gmt":"2018-05-24T16:26:57","slug":"quest-ce-que-lhypnose","status":"publish","type":"page","link":"https:\/\/www.lv-hypnose.fr\/index.php\/hypnosehumaniste-hypnose-humaniste\/quest-ce-que-lhypnose\/","title":{"rendered":"Qu\u2019est-ce que l\u2019Hypnose ?"},"content":{"rendered":"<p>L\u2019hypnose est un \u00e9tat modifi\u00e9 de conscience que l\u2019on peut exp\u00e9rimenter au quotidien sans m\u00eame s\u2019en rendre compte. Lorsque vous conduisez ou marchez dans la rue et que vous pensez \u00e0 mille autres choses en m\u00eame temps, lorsque vous \u00eates plong\u00e9 dans un bon livre ou dans un bon film et que vous imaginez ce que ressentent les personnages, vous exp\u00e9rimentez cet \u00e9tat de conscience modifi\u00e9\u00a0: vous \u00eates \u00e0 la fois ici et ailleurs\u2026 Cet \u00e9tat de conscience est encore plus puissant chez les enfants \u00e0 travers leur imagination et leur cr\u00e9ativit\u00e9.<\/p>\n<p>Le but de l\u2019hypnose th\u00e9rapeutique est d\u2019atteindre volontairement cet \u00e9tat de conscience pour acc\u00e9der \u00e0 toute votre cr\u00e9ativit\u00e9 et ouvrir <u>votre<\/u> champ des possibles.<\/p>\n<p>Vous avez en vous toutes les ressources pour initier les changements qui vous semblent n\u00e9cessaires pour acc\u00e9der \u00e0 un mieux-\u00eatre. Ce qui vous permettra de soigner vos souffrances de fa\u00e7on p\u00e9renne.<\/p>\n<p>&nbsp;<\/p>\n<h2><span style=\"color: #564741;\"><a style=\"color: #564741;\" href=\"http:\/\/www.lv-hypnose.fr\/index.php\/hypnosehumaniste\/hypnose-humaniste\/\">Et l&rsquo;Hypnose Humaniste ?<\/a><\/span><\/h2>\n","protected":false},"excerpt":{"rendered":"<p>L\u2019hypnose est un \u00e9tat modifi\u00e9 de conscience que l\u2019on peut exp\u00e9rimenter au quotidien sans m\u00eame s\u2019en rendre compte. Lorsque vous conduisez ou marchez dans la rue et que vous pensez \u00e0 mille autres choses en m\u00eame temps, lorsque vous \u00eates plong\u00e9 dans un bon livre ou dans un bon film et que vous imaginez ce [&hellip;]<\/p>\n","protected":false},"author":1,"featured_media":0,"parent":2,"menu_order":1,"comment_status":"closed","ping_status":"closed","template":"","meta":[],"yoast_head":"<!-- This site is optimized with the Yoast SEO plugin v15.2.1 - https:\/\/yoast.com\/wordpress\/plugins\/seo\/ -->\n<title>quest-ce-que-lhypnose<\/title>\n<meta name=\"robots\" content=\"index, follow, max-snippet:-1, max-image-preview:large, max-video-preview:-1\" \/>\n<link rel=\"canonical\" href=\"http:\/\/www.lv-hypnose.fr\/index.php\/hypnosehumaniste-hypnose-humaniste\/quest-ce-que-lhypnose\/\" \/>\n<meta property=\"og:locale\" content=\"fr_FR\" \/>\n<meta property=\"og:type\" content=\"article\" \/>\n<meta property=\"og:title\" content=\"quest-ce-que-lhypnose\" \/>\n<meta property=\"og:description\" content=\"L\u2019hypnose est un \u00e9tat modifi\u00e9 de conscience que l\u2019on peut exp\u00e9rimenter au quotidien sans m\u00eame s\u2019en rendre compte. Lorsque vous conduisez ou marchez dans la rue et que vous pensez \u00e0 mille autres choses en m\u00eame temps, lorsque vous \u00eates plong\u00e9 dans un bon livre ou dans un bon film et que vous imaginez ce [&hellip;]\" \/>\n<meta property=\"og:url\" content=\"http:\/\/www.lv-hypnose.fr\/index.php\/hypnosehumaniste-hypnose-humaniste\/quest-ce-que-lhypnose\/\" \/>\n<meta property=\"og:site_name\" content=\"lv-hypnose.fr\" \/>\n<meta property=\"article:modified_time\" content=\"2018-05-24T16:26:57+00:00\" \/>\n<meta name=\"twitter:card\" content=\"summary_large_image\" \/>\n<meta name=\"twitter:label1\" content=\"\u00c9crit par\">\n\t<meta name=\"twitter:data1\" content=\"admin1261\">\n\t<meta name=\"twitter:label2\" content=\"Dur\u00e9e de lecture est.\">\n\t<meta name=\"twitter:data2\" content=\"1 minute\">\n<script type=\"application\/ld+json\" class=\"yoast-schema-graph\">{\"@context\":\"https:\/\/schema.org\",\"@graph\":[{\"@type\":\"WebSite\",\"@id\":\"http:\/\/www.lv-hypnose.fr\/#website\",\"url\":\"http:\/\/www.lv-hypnose.fr\/\",\"name\":\"lv-hypnose.fr\",\"description\":\"Elevez-vous gr\\u00e2ce \\u00e0 l&#039;Hypnoth\\u00e9rapie\",\"potentialAction\":[{\"@type\":\"SearchAction\",\"target\":\"http:\/\/www.lv-hypnose.fr\/?s={search_term_string}\",\"query-input\":\"required name=search_term_string\"}],\"inLanguage\":\"fr-FR\"},{\"@type\":\"WebPage\",\"@id\":\"http:\/\/www.lv-hypnose.fr\/index.php\/hypnosehumaniste-hypnose-humaniste\/quest-ce-que-lhypnose\/#webpage\",\"url\":\"http:\/\/www.lv-hypnose.fr\/index.php\/hypnosehumaniste-hypnose-humaniste\/quest-ce-que-lhypnose\/\",\"name\":\"quest-ce-que-lhypnose\",\"isPartOf\":{\"@id\":\"http:\/\/www.lv-hypnose.fr\/#website\"},\"datePublished\":\"2018-01-12T08:46:52+00:00\",\"dateModified\":\"2018-05-24T16:26:57+00:00\",\"inLanguage\":\"fr-FR\",\"potentialAction\":[{\"@type\":\"ReadAction\",\"target\":[\"http:\/\/www.lv-hypnose.fr\/index.php\/hypnosehumaniste-hypnose-humaniste\/quest-ce-que-lhypnose\/\"]}]}]}<\/script>\n<!-- \/ Yoast SEO plugin. -->","_links":{"self":[{"href":"https:\/\/www.lv-hypnose.fr\/index.php\/wp-json\/wp\/v2\/pages\/42"}],"collection":[{"href":"https:\/\/www.lv-hypnose.fr\/index.php\/wp-json\/wp\/v2\/pages"}],"about":[{"href":"https:\/\/www.lv-hypnose.fr\/index.php\/wp-json\/wp\/v2\/types\/page"}],"author":[{"embeddable":true,"href":"https:\/\/www.lv-hypnose.fr\/index.php\/wp-json\/wp\/v2\/users\/1"}],"replies":[{"embeddable":true,"href":"https:\/\/www.lv-hypnose.fr\/index.php\/wp-json\/wp\/v2\/comments?post=42"}],"version-history":[{"count":6,"href":"https:\/\/www.lv-hypnose.fr\/index.php\/wp-json\/wp\/v2\/pages\/42\/revisions"}],"predecessor-version":[{"id":276,"href":"https:\/\/www.lv-hypnose.fr\/index.php\/wp-json\/wp\/v2\/pages\/42\/revisions\/276"}],"up":[{"embeddable":true,"href":"https:\/\/www.lv-hypnose.fr\/index.php\/wp-json\/wp\/v2\/pages\/2"}],"wp:attachment":[{"href":"https:\/\/www.lv-hypnose.fr\/index.php\/wp-json\/wp\/v2\/media?parent=42"}],"curies":[{"name":"wp","href":"https:\/\/api.w.org\/{rel}","templated":true}]}}