{"id":44,"date":"2018-01-12T09:47:44","date_gmt":"2018-01-12T08:47:44","guid":{"rendered":"http:\/\/www.lv-hypnose.fr\/?page_id=44"},"modified":"2018-05-24T18:23:11","modified_gmt":"2018-05-24T16:23:11","slug":"hypnose-humaniste","status":"publish","type":"page","link":"https:\/\/www.lv-hypnose.fr\/index.php\/hypnosehumaniste-hypnose-humaniste\/hypnose-humaniste\/","title":{"rendered":"Et l\u2019Hypnose Humaniste ?"},"content":{"rendered":"<p>Je pratique cette forme d\u2019hypnose th\u00e9rapeutique en cabinet.<\/p>\n<p>Il s&rsquo;agit d\u2019un courant moderne qui inverse les techniques d\u2019hypnose traditionnelles. Au lieu de dissocier le conscient et l\u2019inconscient d\u2019une personne et de suivre les solutions sugg\u00e9r\u00e9es par le th\u00e9rapeute, l\u2019Hypnose Humaniste vous place en \u00e9tat de conscience augment\u00e9. C\u2019est-\u00e0-dire que vous \u00eates \u00ab\u00a0super conscient\u00a0\u00bb de tout ce qui se passe pendant votre s\u00e9ance.<\/p>\n<p>Vous \u00eates parfaitement actif et engag\u00e9 dans votre processus de soin et en totale ma\u00eetrise de vous-m\u00eame. <strong>Pas de suggestion, pas de manipulation de l\u2019esprit<\/strong>. Vous acc\u00e9dez \u00e0 votre inconscient <strong>en conscience <\/strong>pour y trouver les ressources et solutions qui transformeront votre vie comme vous le souhaitez.<\/p>\n<p>En tant que th\u00e9rapeute, je suis l\u00e0 pour vous guider dans cette belle aventure int\u00e9rieure.<\/p>\n<p>Apr\u00e8s une s\u00e9ance d\u2019hypnose, vous n\u2019avez pas besoin de r\u00e9fl\u00e9chir \u00e0 votre comportement et vous n\u2019avez rien \u00e0 mettre en place de mani\u00e8re forc\u00e9e et artificielle. Vous ne ferez que constater au fil du temps les changements qui se sont produits en vous sans m\u00eame que vous vous en rendiez compte. Vous n\u2019aurez alors qu\u2019\u00e0 appr\u00e9cier <strong>votre nouvel \u00e9tat d\u2019\u00eatre\u00a0<\/strong>!<\/p>\n<p>Au-del\u00e0 d\u2019un outil th\u00e9rapeutique, il s\u2019agit \u00e9galement d\u2019une v\u00e9ritable <strong>philosophie de vie\u00a0<\/strong>: aller vers le mieux-\u00eatre pour soi mais \u00e9galement pour les autres\u2026 Lorsqu\u2019on prend soin de soi, on contribue \u00e0 prendre soin des autres.<\/p>\n","protected":false},"excerpt":{"rendered":"<p>Je pratique cette forme d\u2019hypnose th\u00e9rapeutique en cabinet. Il s&rsquo;agit d\u2019un courant moderne qui inverse les techniques d\u2019hypnose traditionnelles. Au lieu de dissocier le conscient et l\u2019inconscient d\u2019une personne et de suivre les solutions sugg\u00e9r\u00e9es par le th\u00e9rapeute, l\u2019Hypnose Humaniste vous place en \u00e9tat de conscience augment\u00e9. C\u2019est-\u00e0-dire que vous \u00eates \u00ab\u00a0super conscient\u00a0\u00bb de tout [&hellip;]<\/p>\n","protected":false},"author":1,"featured_media":0,"parent":2,"menu_order":2,"comment_status":"closed","ping_status":"closed","template":"","meta":[],"yoast_head":"<!-- This site is optimized with the Yoast SEO plugin v15.2.1 - https:\/\/yoast.com\/wordpress\/plugins\/seo\/ -->\n<title>Et l\u2019Hypnose Humaniste ? - lv-hypnose.fr<\/title>\n<meta name=\"description\" content=\"Il s\u2019agit d\u2019un courant moderne qui inverse les techniques d\u2019hypnose traditionnelles. L\u2019Hypnose Humaniste vous place en \u00e9tat de pleine conscience. Pas de suggestion, pas de manipulation de l\u2019esprit.\" \/>\n<meta name=\"robots\" content=\"index, follow, max-snippet:-1, max-image-preview:large, max-video-preview:-1\" \/>\n<link rel=\"canonical\" href=\"http:\/\/www.lv-hypnose.fr\/index.php\/hypnosehumaniste-hypnose-humaniste\/hypnose-humaniste\/\" \/>\n<meta property=\"og:locale\" content=\"fr_FR\" \/>\n<meta property=\"og:type\" content=\"article\" \/>\n<meta property=\"og:title\" content=\"Et l\u2019Hypnose Humaniste ? - lv-hypnose.fr\" \/>\n<meta property=\"og:description\" content=\"Il s\u2019agit d\u2019un courant moderne qui inverse les techniques d\u2019hypnose traditionnelles. L\u2019Hypnose Humaniste vous place en \u00e9tat de pleine conscience. Pas de suggestion, pas de manipulation de l\u2019esprit.\" \/>\n<meta property=\"og:url\" content=\"http:\/\/www.lv-hypnose.fr\/index.php\/hypnosehumaniste-hypnose-humaniste\/hypnose-humaniste\/\" \/>\n<meta property=\"og:site_name\" content=\"lv-hypnose.fr\" \/>\n<meta property=\"article:modified_time\" content=\"2018-05-24T16:23:11+00:00\" \/>\n<meta name=\"twitter:card\" content=\"summary_large_image\" \/>\n<meta name=\"twitter:label1\" content=\"\u00c9crit par\">\n\t<meta name=\"twitter:data1\" content=\"admin1261\">\n\t<meta name=\"twitter:label2\" content=\"Dur\u00e9e de lecture est.\">\n\t<meta name=\"twitter:data2\" content=\"1 minute\">\n<script type=\"application\/ld+json\" class=\"yoast-schema-graph\">{\"@context\":\"https:\/\/schema.org\",\"@graph\":[{\"@type\":\"WebSite\",\"@id\":\"http:\/\/www.lv-hypnose.fr\/#website\",\"url\":\"http:\/\/www.lv-hypnose.fr\/\",\"name\":\"lv-hypnose.fr\",\"description\":\"Elevez-vous gr\\u00e2ce \\u00e0 l&#039;Hypnoth\\u00e9rapie\",\"potentialAction\":[{\"@type\":\"SearchAction\",\"target\":\"http:\/\/www.lv-hypnose.fr\/?s={search_term_string}\",\"query-input\":\"required name=search_term_string\"}],\"inLanguage\":\"fr-FR\"},{\"@type\":\"WebPage\",\"@id\":\"http:\/\/www.lv-hypnose.fr\/index.php\/hypnosehumaniste-hypnose-humaniste\/hypnose-humaniste\/#webpage\",\"url\":\"http:\/\/www.lv-hypnose.fr\/index.php\/hypnosehumaniste-hypnose-humaniste\/hypnose-humaniste\/\",\"name\":\"Et l\\u2019Hypnose Humaniste ? - lv-hypnose.fr\",\"isPartOf\":{\"@id\":\"http:\/\/www.lv-hypnose.fr\/#website\"},\"datePublished\":\"2018-01-12T08:47:44+00:00\",\"dateModified\":\"2018-05-24T16:23:11+00:00\",\"description\":\"Il s\\u2019agit d\\u2019un courant moderne qui inverse les techniques d\\u2019hypnose traditionnelles. L\\u2019Hypnose Humaniste vous place en \\u00e9tat de pleine conscience. Pas de suggestion, pas de manipulation de l\\u2019esprit.\",\"inLanguage\":\"fr-FR\",\"potentialAction\":[{\"@type\":\"ReadAction\",\"target\":[\"http:\/\/www.lv-hypnose.fr\/index.php\/hypnosehumaniste-hypnose-humaniste\/hypnose-humaniste\/\"]}]}]}<\/script>\n<!-- \/ Yoast SEO plugin. -->","_links":{"self":[{"href":"https:\/\/www.lv-hypnose.fr\/index.php\/wp-json\/wp\/v2\/pages\/44"}],"collection":[{"href":"https:\/\/www.lv-hypnose.fr\/index.php\/wp-json\/wp\/v2\/pages"}],"about":[{"href":"https:\/\/www.lv-hypnose.fr\/index.php\/wp-json\/wp\/v2\/types\/page"}],"author":[{"embeddable":true,"href":"https:\/\/www.lv-hypnose.fr\/index.php\/wp-json\/wp\/v2\/users\/1"}],"replies":[{"embeddable":true,"href":"https:\/\/www.lv-hypnose.fr\/index.php\/wp-json\/wp\/v2\/comments?post=44"}],"version-history":[{"count":4,"href":"https:\/\/www.lv-hypnose.fr\/index.php\/wp-json\/wp\/v2\/pages\/44\/revisions"}],"predecessor-version":[{"id":275,"href":"https:\/\/www.lv-hypnose.fr\/index.php\/wp-json\/wp\/v2\/pages\/44\/revisions\/275"}],"up":[{"embeddable":true,"href":"https:\/\/www.lv-hypnose.fr\/index.php\/wp-json\/wp\/v2\/pages\/2"}],"wp:attachment":[{"href":"https:\/\/www.lv-hypnose.fr\/index.php\/wp-json\/wp\/v2\/media?parent=44"}],"curies":[{"name":"wp","href":"https:\/\/api.w.org\/{rel}","templated":true}]}}