{"id":49,"date":"2018-01-12T10:08:17","date_gmt":"2018-01-12T09:08:17","guid":{"rendered":"http:\/\/www.lv-hypnose.fr\/?page_id=49"},"modified":"2024-11-08T18:21:42","modified_gmt":"2024-11-08T17:21:42","slug":"champs-dapplication-hypnose-humaniste","status":"publish","type":"page","link":"https:\/\/www.lv-hypnose.fr\/index.php\/champs-dapplication\/champs-dapplication-hypnose-humaniste\/","title":{"rendered":"Dans quels cas puis-je avoir recours \u00e0 l&rsquo;Hypnose Humaniste ?"},"content":{"rendered":"<p>Cette forme de th\u00e9rapie est indiqu\u00e9e d\u00e8s lors que vous voulez <strong>transformer<\/strong>, par vous-m\u00eame, votre vie.<\/p>\n<p>Vous serez surpris de d\u00e9couvrir toutes les possibilit\u00e9s de l\u2019Hypnoth\u00e9rapie Humaniste !<\/p>\n<p>En fait, il ne s\u2019agit pas des potentialit\u00e9s de l\u2019Hypnoth\u00e9rapie mais de <strong>vos propres potentialit\u00e9s<\/strong> que je vais, en fonction de vos probl\u00e9matiques, vous aider \u00e0 aller chercher, pour les mettre en place de la mani\u00e8re la plus juste pour vous. <strong>Tout le meilleur de vous-m\u00eame est pr\u00e9sent en vous !<\/strong><\/p>\n<p>Il suffit juste\u00a0:<\/p>\n<ul>\n<li>De s\u2019en rendre compte <strong>\u2192\u00a0prise de conscience<\/strong><\/li>\n<li>De vouloir y acc\u00e9der <strong>\u2192\u00a0motivation<\/strong><\/li>\n<li>Et de le mettre en place <strong>\u2192\u00a0cr\u00e9ation<\/strong>.<\/li>\n<\/ul>\n<p>En quelques s\u00e9ances, il s\u2019agit alors de vous aider \u00e0 <strong>cr\u00e9er des comportements qui ne sont plus destructeurs ou handicapants.<\/strong><\/p>\n<ul>\n<li><span style=\"color: #564741;\"><strong>Comportemental\u00a0:<\/strong><\/span><\/li>\n<\/ul>\n<ul>\n<li style=\"list-style-type: none;\">\n<ul>\n<li>L\u2019arr\u00eat du <strong>tabac<\/strong><\/li>\n<li>Les <strong>phobies<\/strong> de toutes sortes\u00a0: animaux, situations, avion\u2026<\/li>\n<li>Les TOC<\/li>\n<\/ul>\n<\/li>\n<\/ul>\n<ul>\n<li><span style=\"color: #564741;\"><strong>Relationnel\u00a0:<\/strong><\/span><\/li>\n<\/ul>\n<ul>\n<li style=\"list-style-type: none;\">\n<ul>\n<li><span style=\"text-decoration: underline;\">Couple<\/span>\u00a0: \u00e9tapes de vie du couple, rupture<\/li>\n<li><span style=\"text-decoration: underline;\">C\u00e9libat<\/span>\u00a0: \u00e9checs r\u00e9p\u00e9t\u00e9s, difficult\u00e9s \u00e0 trouver \u00ab\u00a0la bonne\u00a0\u00bb personne<\/li>\n<li><span style=\"text-decoration: underline;\">Famille<\/span>\u00a0: relation parent-enfant, fratrie, secrets familiaux, histoires transg\u00e9n\u00e9rationnelles<\/li>\n<li><span style=\"text-decoration: underline;\">Travail<\/span>\u00a0: relation coll\u00e8gues ou management<\/li>\n<li><span style=\"text-decoration: underline;\">Deuil<\/span>\u00a0: un accompagnement diff\u00e9rent est propos\u00e9 selon l\u2019\u00e9tape dans laquelle se trouve la personne en deuil<\/li>\n<\/ul>\n<\/li>\n<\/ul>\n<ul>\n<li><span style=\"color: #564741;\"><strong>Mal \u00eatre en g\u00e9n\u00e9ral \/ Gestion des \u00e9motions\u00a0:<\/strong><\/span><\/li>\n<\/ul>\n<ul>\n<li style=\"list-style-type: none;\">\n<ul>\n<li>L&rsquo;anxi\u00e9t\u00e9, le stress, le burn-out, la d\u00e9pression, les id\u00e9es noires<\/li>\n<li>Le manque de confiance en soi, la timidit\u00e9, le sentiment d\u2019ins\u00e9curit\u00e9, l\u2019impression d\u2019\u00eatre une victime ou d\u2019\u00eatre toujours malchanceux, l\u2019agressivit\u00e9<\/li>\n<li>Le manque d\u2019\u00e9lan de vie<\/li>\n<li>Le manque d\u2019autonomie, la d\u00e9responsabilisation, la procrastination<\/li>\n<li>Les sentiments de rejet, de manque d\u2019amour et de reconnaissance<\/li>\n<li>Les traumatismes<\/li>\n<\/ul>\n<\/li>\n<\/ul>\n<ul>\n<li><span style=\"color: #564741;\"><strong>Uniquement et strictement sur recommandation m\u00e9dicale\u00a0<\/strong>:<\/span><\/li>\n<\/ul>\n<ul>\n<li style=\"list-style-type: none;\">\n<ul>\n<li>Gestion de la douleur,<\/li>\n<li>Aide \u00e0 l\u2019accouchement,<\/li>\n<li>Accompagnement pour certaines pathologies (allergie, acouph\u00e8ne, migraine, infertilit\u00e9 psychologique\u2026)<\/li>\n<\/ul>\n<\/li>\n<\/ul>\n<p><span style=\"text-decoration: underline;\">Attention<\/span> : Seul un m\u00e9decin peut poser des diagnostics et est habilit\u00e9 \u00e0 prescrire, modifier ou supprimer un traitement m\u00e9dical.\u00a0Toute question relevant du domaine m\u00e9dical est donc \u00e0 poser \u00e0 votre m\u00e9decin traitant. En hypnose nous ne traitons ni de sympt\u00f4mes, ni de maladies en tant que tels.<\/p>\n<h2><span style=\"color: #800000;\"><a style=\"color: #800000;\" href=\"http:\/\/www.lv-hypnose.fr\/index.php\/lhypnose-pour-les-enfants-et-adolescents\/\">Et l&rsquo;Hypnose pour les enfants et les adolescents ?<\/a><\/span><\/h2>\n","protected":false},"excerpt":{"rendered":"<p>Cette forme de th\u00e9rapie est indiqu\u00e9e d\u00e8s lors que vous voulez transformer, par vous-m\u00eame, votre vie. Vous serez surpris de d\u00e9couvrir toutes les possibilit\u00e9s de l\u2019Hypnoth\u00e9rapie Humaniste ! En fait, il ne s\u2019agit pas des potentialit\u00e9s de l\u2019Hypnoth\u00e9rapie mais de vos propres potentialit\u00e9s que je vais, en fonction de vos probl\u00e9matiques, vous aider \u00e0 aller [&hellip;]<\/p>\n","protected":false},"author":1,"featured_media":0,"parent":46,"menu_order":1,"comment_status":"closed","ping_status":"closed","template":"","meta":[],"yoast_head":"<!-- This site is optimized with the Yoast SEO plugin v15.2.1 - https:\/\/yoast.com\/wordpress\/plugins\/seo\/ -->\n<title>Dans quels cas puis-je avoir recours \u00e0 l&#039;Hypnose Humaniste ? - lv-hypnose.fr<\/title>\n<meta name=\"robots\" content=\"index, follow, max-snippet:-1, max-image-preview:large, max-video-preview:-1\" \/>\n<link rel=\"canonical\" href=\"https:\/\/www.lv-hypnose.fr\/index.php\/champs-dapplication\/champs-dapplication-hypnose-humaniste\/\" \/>\n<meta property=\"og:locale\" content=\"fr_FR\" \/>\n<meta property=\"og:type\" content=\"article\" \/>\n<meta property=\"og:title\" content=\"Dans quels cas puis-je avoir recours \u00e0 l&#039;Hypnose Humaniste ? - lv-hypnose.fr\" \/>\n<meta property=\"og:description\" content=\"Cette forme de th\u00e9rapie est indiqu\u00e9e d\u00e8s lors que vous voulez transformer, par vous-m\u00eame, votre vie. Vous serez surpris de d\u00e9couvrir toutes les possibilit\u00e9s de l\u2019Hypnoth\u00e9rapie Humaniste ! En fait, il ne s\u2019agit pas des potentialit\u00e9s de l\u2019Hypnoth\u00e9rapie mais de vos propres potentialit\u00e9s que je vais, en fonction de vos probl\u00e9matiques, vous aider \u00e0 aller [&hellip;]\" \/>\n<meta property=\"og:url\" content=\"https:\/\/www.lv-hypnose.fr\/index.php\/champs-dapplication\/champs-dapplication-hypnose-humaniste\/\" \/>\n<meta property=\"og:site_name\" content=\"lv-hypnose.fr\" \/>\n<meta property=\"article:modified_time\" content=\"2024-11-08T17:21:42+00:00\" \/>\n<meta name=\"twitter:card\" content=\"summary_large_image\" \/>\n<meta name=\"twitter:label1\" content=\"\u00c9crit par\">\n\t<meta name=\"twitter:data1\" content=\"admin1261\">\n\t<meta name=\"twitter:label2\" content=\"Dur\u00e9e de lecture est.\">\n\t<meta name=\"twitter:data2\" content=\"1 minute\">\n<script type=\"application\/ld+json\" class=\"yoast-schema-graph\">{\"@context\":\"https:\/\/schema.org\",\"@graph\":[{\"@type\":\"WebSite\",\"@id\":\"http:\/\/www.lv-hypnose.fr\/#website\",\"url\":\"http:\/\/www.lv-hypnose.fr\/\",\"name\":\"lv-hypnose.fr\",\"description\":\"Elevez-vous gr\\u00e2ce \\u00e0 l&#039;Hypnoth\\u00e9rapie\",\"potentialAction\":[{\"@type\":\"SearchAction\",\"target\":\"http:\/\/www.lv-hypnose.fr\/?s={search_term_string}\",\"query-input\":\"required name=search_term_string\"}],\"inLanguage\":\"fr-FR\"},{\"@type\":\"WebPage\",\"@id\":\"https:\/\/www.lv-hypnose.fr\/index.php\/champs-dapplication\/champs-dapplication-hypnose-humaniste\/#webpage\",\"url\":\"https:\/\/www.lv-hypnose.fr\/index.php\/champs-dapplication\/champs-dapplication-hypnose-humaniste\/\",\"name\":\"Dans quels cas puis-je avoir recours \\u00e0 l'Hypnose Humaniste ? - lv-hypnose.fr\",\"isPartOf\":{\"@id\":\"http:\/\/www.lv-hypnose.fr\/#website\"},\"datePublished\":\"2018-01-12T09:08:17+00:00\",\"dateModified\":\"2024-11-08T17:21:42+00:00\",\"inLanguage\":\"fr-FR\",\"potentialAction\":[{\"@type\":\"ReadAction\",\"target\":[\"https:\/\/www.lv-hypnose.fr\/index.php\/champs-dapplication\/champs-dapplication-hypnose-humaniste\/\"]}]}]}<\/script>\n<!-- \/ Yoast SEO plugin. -->","_links":{"self":[{"href":"https:\/\/www.lv-hypnose.fr\/index.php\/wp-json\/wp\/v2\/pages\/49"}],"collection":[{"href":"https:\/\/www.lv-hypnose.fr\/index.php\/wp-json\/wp\/v2\/pages"}],"about":[{"href":"https:\/\/www.lv-hypnose.fr\/index.php\/wp-json\/wp\/v2\/types\/page"}],"author":[{"embeddable":true,"href":"https:\/\/www.lv-hypnose.fr\/index.php\/wp-json\/wp\/v2\/users\/1"}],"replies":[{"embeddable":true,"href":"https:\/\/www.lv-hypnose.fr\/index.php\/wp-json\/wp\/v2\/comments?post=49"}],"version-history":[{"count":7,"href":"https:\/\/www.lv-hypnose.fr\/index.php\/wp-json\/wp\/v2\/pages\/49\/revisions"}],"predecessor-version":[{"id":341,"href":"https:\/\/www.lv-hypnose.fr\/index.php\/wp-json\/wp\/v2\/pages\/49\/revisions\/341"}],"up":[{"embeddable":true,"href":"https:\/\/www.lv-hypnose.fr\/index.php\/wp-json\/wp\/v2\/pages\/46"}],"wp:attachment":[{"href":"https:\/\/www.lv-hypnose.fr\/index.php\/wp-json\/wp\/v2\/media?parent=49"}],"curies":[{"name":"wp","href":"https:\/\/api.w.org\/{rel}","templated":true}]}}