{"id":53,"date":"2018-01-12T10:29:22","date_gmt":"2018-01-12T09:29:22","guid":{"rendered":"http:\/\/www.lv-hypnose.fr\/?page_id=53"},"modified":"2018-01-14T18:17:40","modified_gmt":"2018-01-14T17:17:40","slug":"deroulement-dune-seance","status":"publish","type":"page","link":"https:\/\/www.lv-hypnose.fr\/index.php\/deroulement-dune-seance\/","title":{"rendered":"D\u00e9roulement d&rsquo;une s\u00e9ance"},"content":{"rendered":"<p><span style=\"color: #564741;\"><a style=\"color: #564741;\" href=\"http:\/\/www.lv-hypnose.fr\/index.php\/deroulement-dune-seance\/comment-se-deroule-une-seance\/\">Comment se d\u00e9roule une s\u00e9ance ?<\/a><\/span><\/p>\n<p>&nbsp;<\/p>\n<p><span style=\"color: #564741;\"><a style=\"color: #564741;\" href=\"http:\/\/www.lv-hypnose.fr\/index.php\/deroulement-dune-seance\/tarifs\/\">Tarifs et dur\u00e9e<\/a><\/span><\/p>\n<p>&nbsp;<\/p>\n<p><span style=\"color: #564741;\"><a style=\"color: #564741;\" href=\"http:\/\/www.lv-hypnose.fr\/index.php\/deroulement-dune-seance\/charte-de-lhypnotherapeute\/\">Charte de l&rsquo;Hypnoth\u00e9rapeute<\/a><\/span><\/p>\n","protected":false},"excerpt":{"rendered":"<p>Comment se d\u00e9roule une s\u00e9ance ? &nbsp; Tarifs et dur\u00e9e &nbsp; Charte de l&rsquo;Hypnoth\u00e9rapeute<\/p>\n","protected":false},"author":1,"featured_media":0,"parent":0,"menu_order":3,"comment_status":"closed","ping_status":"closed","template":"","meta":[],"yoast_head":"<!-- This site is optimized with the Yoast SEO plugin v15.2.1 - https:\/\/yoast.com\/wordpress\/plugins\/seo\/ -->\n<title>D\u00e9roulement d&#039;une s\u00e9ance - lv-hypnose.fr<\/title>\n<meta name=\"robots\" content=\"index, follow, max-snippet:-1, max-image-preview:large, max-video-preview:-1\" \/>\n<link rel=\"canonical\" href=\"http:\/\/www.lv-hypnose.fr\/index.php\/deroulement-dune-seance\/\" \/>\n<meta property=\"og:locale\" content=\"fr_FR\" \/>\n<meta property=\"og:type\" content=\"article\" \/>\n<meta property=\"og:title\" content=\"D\u00e9roulement d&#039;une s\u00e9ance - lv-hypnose.fr\" \/>\n<meta property=\"og:description\" content=\"Comment se d\u00e9roule une s\u00e9ance ? &nbsp; Tarifs et dur\u00e9e &nbsp; Charte de l&rsquo;Hypnoth\u00e9rapeute\" \/>\n<meta property=\"og:url\" content=\"http:\/\/www.lv-hypnose.fr\/index.php\/deroulement-dune-seance\/\" \/>\n<meta property=\"og:site_name\" content=\"lv-hypnose.fr\" \/>\n<meta property=\"article:modified_time\" content=\"2018-01-14T17:17:40+00:00\" \/>\n<meta name=\"twitter:card\" content=\"summary_large_image\" \/>\n<meta name=\"twitter:label1\" content=\"\u00c9crit par\">\n\t<meta name=\"twitter:data1\" content=\"admin1261\">\n\t<meta name=\"twitter:label2\" content=\"Dur\u00e9e de lecture est.\">\n\t<meta name=\"twitter:data2\" content=\"0 minute\">\n<script type=\"application\/ld+json\" class=\"yoast-schema-graph\">{\"@context\":\"https:\/\/schema.org\",\"@graph\":[{\"@type\":\"WebSite\",\"@id\":\"http:\/\/www.lv-hypnose.fr\/#website\",\"url\":\"http:\/\/www.lv-hypnose.fr\/\",\"name\":\"lv-hypnose.fr\",\"description\":\"Elevez-vous gr\\u00e2ce \\u00e0 l&#039;Hypnoth\\u00e9rapie\",\"potentialAction\":[{\"@type\":\"SearchAction\",\"target\":\"http:\/\/www.lv-hypnose.fr\/?s={search_term_string}\",\"query-input\":\"required name=search_term_string\"}],\"inLanguage\":\"fr-FR\"},{\"@type\":\"WebPage\",\"@id\":\"http:\/\/www.lv-hypnose.fr\/index.php\/deroulement-dune-seance\/#webpage\",\"url\":\"http:\/\/www.lv-hypnose.fr\/index.php\/deroulement-dune-seance\/\",\"name\":\"D\\u00e9roulement d'une s\\u00e9ance - lv-hypnose.fr\",\"isPartOf\":{\"@id\":\"http:\/\/www.lv-hypnose.fr\/#website\"},\"datePublished\":\"2018-01-12T09:29:22+00:00\",\"dateModified\":\"2018-01-14T17:17:40+00:00\",\"inLanguage\":\"fr-FR\",\"potentialAction\":[{\"@type\":\"ReadAction\",\"target\":[\"http:\/\/www.lv-hypnose.fr\/index.php\/deroulement-dune-seance\/\"]}]}]}<\/script>\n<!-- \/ Yoast SEO plugin. -->","_links":{"self":[{"href":"https:\/\/www.lv-hypnose.fr\/index.php\/wp-json\/wp\/v2\/pages\/53"}],"collection":[{"href":"https:\/\/www.lv-hypnose.fr\/index.php\/wp-json\/wp\/v2\/pages"}],"about":[{"href":"https:\/\/www.lv-hypnose.fr\/index.php\/wp-json\/wp\/v2\/types\/page"}],"author":[{"embeddable":true,"href":"https:\/\/www.lv-hypnose.fr\/index.php\/wp-json\/wp\/v2\/users\/1"}],"replies":[{"embeddable":true,"href":"https:\/\/www.lv-hypnose.fr\/index.php\/wp-json\/wp\/v2\/comments?post=53"}],"version-history":[{"count":2,"href":"https:\/\/www.lv-hypnose.fr\/index.php\/wp-json\/wp\/v2\/pages\/53\/revisions"}],"predecessor-version":[{"id":143,"href":"https:\/\/www.lv-hypnose.fr\/index.php\/wp-json\/wp\/v2\/pages\/53\/revisions\/143"}],"wp:attachment":[{"href":"https:\/\/www.lv-hypnose.fr\/index.php\/wp-json\/wp\/v2\/media?parent=53"}],"curies":[{"name":"wp","href":"https:\/\/api.w.org\/{rel}","templated":true}]}}