{"id":55,"date":"2018-01-12T10:29:51","date_gmt":"2018-01-12T09:29:51","guid":{"rendered":"http:\/\/www.lv-hypnose.fr\/?page_id=55"},"modified":"2018-11-08T10:37:41","modified_gmt":"2018-11-08T09:37:41","slug":"comment-se-deroule-une-seance","status":"publish","type":"page","link":"https:\/\/www.lv-hypnose.fr\/index.php\/deroulement-dune-seance\/comment-se-deroule-une-seance\/","title":{"rendered":"Comment se d\u00e9roule une s\u00e9ance ?"},"content":{"rendered":"<p>Il n\u2019y a \u00e9videmment pas de s\u00e9ance type, tout comme il n\u2019y a pas de probl\u00e9matique type.<\/p>\n<p>Une personne venant me voir pour arr\u00eater de fumer n\u2019aura ni la m\u00eame histoire qu\u2019une autre concernant le tabac, ni les m\u00eames raisons et motivations pour arr\u00eater. Ainsi, pour une m\u00eame probl\u00e9matique, les techniques propos\u00e9es pendant la ou les s\u00e9ances ne seront pas les m\u00eames.<\/p>\n<p>&nbsp;<\/p>\n<p>Quoiqu\u2019il en soit, la plupart du temps, une s\u00e9ance se d\u00e9roule <strong>en deux parties\u00a0<\/strong>:<\/p>\n<ul>\n<li>Une premi\u00e8re partie de <strong>discussion<\/strong> afin que vous m\u2019exposiez la raison de votre venue. Une fois que nous avons d\u00e9fini ensemble l\u2019objectif de la s\u00e9ance, nous passons \u00e0<\/li>\n<li>La deuxi\u00e8me partie de la s\u00e9ance qui consiste \u00e0 la <strong>phase de soin en \u00e9tat d\u2019hypnose, donc en \u00e9tat de conscience augment\u00e9<\/strong>.<\/li>\n<\/ul>\n<p>&nbsp;<\/p>\n<p><strong>Vous \u00eates vous-m\u00eame l\u2019acteur de votre soin<\/strong>. Je suis juste l\u00e0 pour vous accompagner afin que tout se passe au mieux pour vous.<\/p>\n<p>Il n\u2019y a que vous qui puissiez acc\u00e9der \u00e0 vos propres ressources afin de les activer pour transformer votre vie.<\/p>\n<p>Je vous montre le chemin et fais en sorte que vous y parveniez mais je ne fais pas les choses \u00e0 votre place. Dans mon cabinet, je ne fais pas de miracles. La seule personne qui peut faire des miracles et transformer sa vie, c\u2019est vous\u2026 et seulement \u00e0 partir du moment o\u00f9 vous l\u2019aurez d\u00e9cid\u00e9.<\/p>\n<p>&nbsp;<\/p>\n<p><span style=\"color: #564741;\"><strong>Pour les enfants et adolescents\u00a0:<\/strong><\/span><\/p>\n<p>Apr\u00e8s un rapide \u00e9change avec le ou les parents, la s\u00e9ance est exclusivement d\u00e9di\u00e9e \u00e0 l&rsquo;enfant \/ l&rsquo;adolescent.<\/p>\n<p>&nbsp;<\/p>\n<p><span style=\"color: #564741;\"><strong>Pour les th\u00e9rapies de couple :<\/strong><\/span> explications sur demande<\/p>\n<p>&nbsp;<\/p>\n<p><span style=\"color: #564741;\"><strong>Combien de s\u00e9ances\u00a0?<\/strong><\/span><\/p>\n<p>Tout comme le d\u00e9roulement d\u2019une s\u00e9ance, il n\u2019y a pas un nombre de s\u00e9ances fixe. Ce nombre sera d\u00e9pendant de l\u2019histoire et de l\u2019environnement de la personne ainsi que de sa mani\u00e8re d\u2019acc\u00e9der \u00e0 ses ressources internes pour mettre en place les changements souhait\u00e9s.<\/p>\n<p>&nbsp;<\/p>\n<p>Quoiqu\u2019il en soit, l\u2019Hypnoth\u00e9rapie est la m\u00e8re des <strong>th\u00e9rapies br\u00e8ves<\/strong>. Une s\u00e9ance d\u2019Hypnose Humaniste peut transformer une vie\u00a0!<\/p>\n<p>Selon les probl\u00e9matiques, certaines seront r\u00e9gl\u00e9es en <strong>1 \u00e0 2 s\u00e9ances<\/strong> et d\u2019autres tourneront autour d\u2019une moyenne de <strong>5-6 s\u00e9ances<\/strong>.<\/p>\n<p>&nbsp;<\/p>\n<p><strong>Et pour l&rsquo;arr\u00eat du tabac ?<\/strong><\/p>\n<p>Dans le cadre de l&rsquo;arr\u00eat du tabac, je vous propose un protocole en 2 s\u00e9ances. Elles seront espac\u00e9es entre 4 et 7 jours maximum afin de vous permettre d&rsquo;exp\u00e9rimenter vos situations de vie habituelles (travail, weekend\/repos, loisirs&#8230;).<\/p>\n<p>En attendant de d\u00e9marrer ensemble le travail, je vous propose une petite vid\u00e9o dont je vous reparlerai en s\u00e9ance sur la gratification diff\u00e9r\u00e9e (Test du Marshmallow, \u00e9tude men\u00e9e depuis les ann\u00e9es 70 par le psychologue Walter Mischel) :<\/p>\n<p><iframe loading=\"lazy\" width=\"1170\" height=\"658\" src=\"https:\/\/www.youtube.com\/embed\/xybQrxvpOnY?feature=oembed\" frameborder=\"0\" allow=\"accelerometer; autoplay; encrypted-media; gyroscope; picture-in-picture\" allowfullscreen><\/iframe><\/p>\n<h2><span style=\"color: #993300;\"><a style=\"color: #993300;\" href=\"http:\/\/www.lv-hypnose.fr\/index.php\/deroulement-dune-seance\/tarifs\/\">Tarifs et dur\u00e9e<\/a><\/span><\/h2>\n<h2><span style=\"color: #993300;\"><a style=\"color: #993300;\" href=\"http:\/\/www.lv-hypnose.fr\/index.php\/deroulement-dune-seance\/charte-de-lhypnotherapeute\/\">Charte de l&rsquo;Hypnoth\u00e9rapeute<\/a><\/span><\/h2>\n","protected":false},"excerpt":{"rendered":"<p>Il n\u2019y a \u00e9videmment pas de s\u00e9ance type, tout comme il n\u2019y a pas de probl\u00e9matique type. Une personne venant me voir pour arr\u00eater de fumer n\u2019aura ni la m\u00eame histoire qu\u2019une autre concernant le tabac, ni les m\u00eames raisons et motivations pour arr\u00eater. Ainsi, pour une m\u00eame probl\u00e9matique, les techniques propos\u00e9es pendant la ou [&hellip;]<\/p>\n","protected":false},"author":1,"featured_media":0,"parent":53,"menu_order":1,"comment_status":"closed","ping_status":"closed","template":"","meta":[],"yoast_head":"<!-- This site is optimized with the Yoast SEO plugin v15.2.1 - https:\/\/yoast.com\/wordpress\/plugins\/seo\/ -->\n<title>Comment se d\u00e9roule une s\u00e9ance ? - lv-hypnose.fr<\/title>\n<meta name=\"robots\" content=\"index, follow, max-snippet:-1, max-image-preview:large, max-video-preview:-1\" \/>\n<link rel=\"canonical\" href=\"https:\/\/www.lv-hypnose.fr\/index.php\/deroulement-dune-seance\/comment-se-deroule-une-seance\/\" \/>\n<meta property=\"og:locale\" content=\"fr_FR\" \/>\n<meta property=\"og:type\" content=\"article\" \/>\n<meta property=\"og:title\" content=\"Comment se d\u00e9roule une s\u00e9ance ? - lv-hypnose.fr\" \/>\n<meta property=\"og:description\" content=\"Il n\u2019y a \u00e9videmment pas de s\u00e9ance type, tout comme il n\u2019y a pas de probl\u00e9matique type. Une personne venant me voir pour arr\u00eater de fumer n\u2019aura ni la m\u00eame histoire qu\u2019une autre concernant le tabac, ni les m\u00eames raisons et motivations pour arr\u00eater. Ainsi, pour une m\u00eame probl\u00e9matique, les techniques propos\u00e9es pendant la ou [&hellip;]\" \/>\n<meta property=\"og:url\" content=\"https:\/\/www.lv-hypnose.fr\/index.php\/deroulement-dune-seance\/comment-se-deroule-une-seance\/\" \/>\n<meta property=\"og:site_name\" content=\"lv-hypnose.fr\" \/>\n<meta property=\"article:modified_time\" content=\"2018-11-08T09:37:41+00:00\" \/>\n<meta name=\"twitter:card\" content=\"summary_large_image\" \/>\n<meta name=\"twitter:label1\" content=\"\u00c9crit par\">\n\t<meta name=\"twitter:data1\" content=\"admin1261\">\n\t<meta name=\"twitter:label2\" content=\"Dur\u00e9e de lecture est.\">\n\t<meta name=\"twitter:data2\" content=\"2 minutes\">\n<script type=\"application\/ld+json\" class=\"yoast-schema-graph\">{\"@context\":\"https:\/\/schema.org\",\"@graph\":[{\"@type\":\"WebSite\",\"@id\":\"http:\/\/www.lv-hypnose.fr\/#website\",\"url\":\"http:\/\/www.lv-hypnose.fr\/\",\"name\":\"lv-hypnose.fr\",\"description\":\"Elevez-vous gr\\u00e2ce \\u00e0 l&#039;Hypnoth\\u00e9rapie\",\"potentialAction\":[{\"@type\":\"SearchAction\",\"target\":\"http:\/\/www.lv-hypnose.fr\/?s={search_term_string}\",\"query-input\":\"required name=search_term_string\"}],\"inLanguage\":\"fr-FR\"},{\"@type\":\"WebPage\",\"@id\":\"https:\/\/www.lv-hypnose.fr\/index.php\/deroulement-dune-seance\/comment-se-deroule-une-seance\/#webpage\",\"url\":\"https:\/\/www.lv-hypnose.fr\/index.php\/deroulement-dune-seance\/comment-se-deroule-une-seance\/\",\"name\":\"Comment se d\\u00e9roule une s\\u00e9ance ? - lv-hypnose.fr\",\"isPartOf\":{\"@id\":\"http:\/\/www.lv-hypnose.fr\/#website\"},\"datePublished\":\"2018-01-12T09:29:51+00:00\",\"dateModified\":\"2018-11-08T09:37:41+00:00\",\"inLanguage\":\"fr-FR\",\"potentialAction\":[{\"@type\":\"ReadAction\",\"target\":[\"https:\/\/www.lv-hypnose.fr\/index.php\/deroulement-dune-seance\/comment-se-deroule-une-seance\/\"]}]}]}<\/script>\n<!-- \/ Yoast SEO plugin. -->","_links":{"self":[{"href":"https:\/\/www.lv-hypnose.fr\/index.php\/wp-json\/wp\/v2\/pages\/55"}],"collection":[{"href":"https:\/\/www.lv-hypnose.fr\/index.php\/wp-json\/wp\/v2\/pages"}],"about":[{"href":"https:\/\/www.lv-hypnose.fr\/index.php\/wp-json\/wp\/v2\/types\/page"}],"author":[{"embeddable":true,"href":"https:\/\/www.lv-hypnose.fr\/index.php\/wp-json\/wp\/v2\/users\/1"}],"replies":[{"embeddable":true,"href":"https:\/\/www.lv-hypnose.fr\/index.php\/wp-json\/wp\/v2\/comments?post=55"}],"version-history":[{"count":9,"href":"https:\/\/www.lv-hypnose.fr\/index.php\/wp-json\/wp\/v2\/pages\/55\/revisions"}],"predecessor-version":[{"id":304,"href":"https:\/\/www.lv-hypnose.fr\/index.php\/wp-json\/wp\/v2\/pages\/55\/revisions\/304"}],"up":[{"embeddable":true,"href":"https:\/\/www.lv-hypnose.fr\/index.php\/wp-json\/wp\/v2\/pages\/53"}],"wp:attachment":[{"href":"https:\/\/www.lv-hypnose.fr\/index.php\/wp-json\/wp\/v2\/media?parent=55"}],"curies":[{"name":"wp","href":"https:\/\/api.w.org\/{rel}","templated":true}]}}