{"id":59,"date":"2018-01-12T10:30:27","date_gmt":"2018-01-12T09:30:27","guid":{"rendered":"http:\/\/www.lv-hypnose.fr\/?page_id=59"},"modified":"2019-06-14T11:13:22","modified_gmt":"2019-06-14T09:13:22","slug":"charte-de-lhypnotherapeute","status":"publish","type":"page","link":"https:\/\/www.lv-hypnose.fr\/index.php\/deroulement-dune-seance\/charte-de-lhypnotherapeute\/","title":{"rendered":"Charte de l&rsquo;Hypnoth\u00e9rapeute"},"content":{"rendered":"<p>Un praticien en hypnoth\u00e9rapie doit adh\u00e9rer \u00e0 une charte d\u2019\u00e9thique ou de d\u00e9ontologie.<\/p>\n<p>Je suis signataire de la charte \u00e9thique ci-jointe : <span style=\"color: #800000;\"><a style=\"color: #800000;\" href=\"http:\/\/charteethique.eu\/accompagner-par-lethique-charte-des-professionnels\/\">Charte \u00e9thique<\/a><\/span><\/p>\n<p>En outre, un praticien en hypnoth\u00e9rapie doit effectuer son travail avec professionnalisme et bienveillance. Il est tenu de respecter ce qu\u2019est et pense la personne et ne doit pas laisser ses \u00e9motions interf\u00e9rer avec celles de son patient.<\/p>\n<p>Il s\u2019agit \u00e9galement d\u2019accompagner la personne vers un mieux-\u00eatre sans \u00e9mettre de jugement ni influencer la personne.<\/p>\n<p><span style=\"color: #800000;\"><a style=\"color: #800000;\" href=\"https:\/\/www.ifpec.fr\/praticiens\/les-praticiens-hypnose-humaniste\/praticiens-hh-auvergne-rh\u00f4ne-alpes\/\" target=\"_blank\" rel=\"noopener noreferrer\">Annuaire des praticiens en Hypnose Humaniste\u00a0par r\u00e9gions<\/a><\/span><\/p>\n","protected":false},"excerpt":{"rendered":"<p>Un praticien en hypnoth\u00e9rapie doit adh\u00e9rer \u00e0 une charte d\u2019\u00e9thique ou de d\u00e9ontologie. Je suis signataire de la charte \u00e9thique ci-jointe : Charte \u00e9thique En outre, un praticien en hypnoth\u00e9rapie doit effectuer son travail avec professionnalisme et bienveillance. Il est tenu de respecter ce qu\u2019est et pense la personne et ne doit pas laisser ses [&hellip;]<\/p>\n","protected":false},"author":1,"featured_media":0,"parent":53,"menu_order":3,"comment_status":"closed","ping_status":"closed","template":"","meta":[],"yoast_head":"<!-- This site is optimized with the Yoast SEO plugin v15.2.1 - https:\/\/yoast.com\/wordpress\/plugins\/seo\/ -->\n<title>Charte de l&#039;Hypnoth\u00e9rapeute - lv-hypnose.fr<\/title>\n<meta name=\"robots\" content=\"index, follow, max-snippet:-1, max-image-preview:large, max-video-preview:-1\" \/>\n<link rel=\"canonical\" href=\"http:\/\/www.lv-hypnose.fr\/index.php\/deroulement-dune-seance\/charte-de-lhypnotherapeute\/\" \/>\n<meta property=\"og:locale\" content=\"fr_FR\" \/>\n<meta property=\"og:type\" content=\"article\" \/>\n<meta property=\"og:title\" content=\"Charte de l&#039;Hypnoth\u00e9rapeute - lv-hypnose.fr\" \/>\n<meta property=\"og:description\" content=\"Un praticien en hypnoth\u00e9rapie doit adh\u00e9rer \u00e0 une charte d\u2019\u00e9thique ou de d\u00e9ontologie. Je suis signataire de la charte \u00e9thique ci-jointe : Charte \u00e9thique En outre, un praticien en hypnoth\u00e9rapie doit effectuer son travail avec professionnalisme et bienveillance. Il est tenu de respecter ce qu\u2019est et pense la personne et ne doit pas laisser ses [&hellip;]\" \/>\n<meta property=\"og:url\" content=\"http:\/\/www.lv-hypnose.fr\/index.php\/deroulement-dune-seance\/charte-de-lhypnotherapeute\/\" \/>\n<meta property=\"og:site_name\" content=\"lv-hypnose.fr\" \/>\n<meta property=\"article:modified_time\" content=\"2019-06-14T09:13:22+00:00\" \/>\n<meta name=\"twitter:card\" content=\"summary_large_image\" \/>\n<meta name=\"twitter:label1\" content=\"\u00c9crit par\">\n\t<meta name=\"twitter:data1\" content=\"admin1261\">\n\t<meta name=\"twitter:label2\" content=\"Dur\u00e9e de lecture est.\">\n\t<meta name=\"twitter:data2\" content=\"0 minute\">\n<script type=\"application\/ld+json\" class=\"yoast-schema-graph\">{\"@context\":\"https:\/\/schema.org\",\"@graph\":[{\"@type\":\"WebSite\",\"@id\":\"http:\/\/www.lv-hypnose.fr\/#website\",\"url\":\"http:\/\/www.lv-hypnose.fr\/\",\"name\":\"lv-hypnose.fr\",\"description\":\"Elevez-vous gr\\u00e2ce \\u00e0 l&#039;Hypnoth\\u00e9rapie\",\"potentialAction\":[{\"@type\":\"SearchAction\",\"target\":\"http:\/\/www.lv-hypnose.fr\/?s={search_term_string}\",\"query-input\":\"required name=search_term_string\"}],\"inLanguage\":\"fr-FR\"},{\"@type\":\"WebPage\",\"@id\":\"http:\/\/www.lv-hypnose.fr\/index.php\/deroulement-dune-seance\/charte-de-lhypnotherapeute\/#webpage\",\"url\":\"http:\/\/www.lv-hypnose.fr\/index.php\/deroulement-dune-seance\/charte-de-lhypnotherapeute\/\",\"name\":\"Charte de l'Hypnoth\\u00e9rapeute - lv-hypnose.fr\",\"isPartOf\":{\"@id\":\"http:\/\/www.lv-hypnose.fr\/#website\"},\"datePublished\":\"2018-01-12T09:30:27+00:00\",\"dateModified\":\"2019-06-14T09:13:22+00:00\",\"inLanguage\":\"fr-FR\",\"potentialAction\":[{\"@type\":\"ReadAction\",\"target\":[\"http:\/\/www.lv-hypnose.fr\/index.php\/deroulement-dune-seance\/charte-de-lhypnotherapeute\/\"]}]}]}<\/script>\n<!-- \/ Yoast SEO plugin. -->","_links":{"self":[{"href":"https:\/\/www.lv-hypnose.fr\/index.php\/wp-json\/wp\/v2\/pages\/59"}],"collection":[{"href":"https:\/\/www.lv-hypnose.fr\/index.php\/wp-json\/wp\/v2\/pages"}],"about":[{"href":"https:\/\/www.lv-hypnose.fr\/index.php\/wp-json\/wp\/v2\/types\/page"}],"author":[{"embeddable":true,"href":"https:\/\/www.lv-hypnose.fr\/index.php\/wp-json\/wp\/v2\/users\/1"}],"replies":[{"embeddable":true,"href":"https:\/\/www.lv-hypnose.fr\/index.php\/wp-json\/wp\/v2\/comments?post=59"}],"version-history":[{"count":6,"href":"https:\/\/www.lv-hypnose.fr\/index.php\/wp-json\/wp\/v2\/pages\/59\/revisions"}],"predecessor-version":[{"id":310,"href":"https:\/\/www.lv-hypnose.fr\/index.php\/wp-json\/wp\/v2\/pages\/59\/revisions\/310"}],"up":[{"embeddable":true,"href":"https:\/\/www.lv-hypnose.fr\/index.php\/wp-json\/wp\/v2\/pages\/53"}],"wp:attachment":[{"href":"https:\/\/www.lv-hypnose.fr\/index.php\/wp-json\/wp\/v2\/media?parent=59"}],"curies":[{"name":"wp","href":"https:\/\/api.w.org\/{rel}","templated":true}]}}