{"id":63,"date":"2018-01-12T10:36:18","date_gmt":"2018-01-12T09:36:18","guid":{"rendered":"http:\/\/www.lv-hypnose.fr\/?page_id=63"},"modified":"2020-09-17T14:37:19","modified_gmt":"2020-09-17T12:37:19","slug":"qui-suis-je","status":"publish","type":"page","link":"https:\/\/www.lv-hypnose.fr\/index.php\/qui-suis-je\/","title":{"rendered":"Qui suis-je ?"},"content":{"rendered":"<p>Je suis\u00a0:<img loading=\"lazy\" class=\"wp-image-227 alignright\" src=\"http:\/\/www.lv-hypnose.fr\/wp-content\/uploads\/2018\/04\/IMG_0117-241x300.jpg\" alt=\"\" width=\"172\" height=\"214\" srcset=\"https:\/\/www.lv-hypnose.fr\/wp-content\/uploads\/2018\/04\/IMG_0117-241x300.jpg 241w, https:\/\/www.lv-hypnose.fr\/wp-content\/uploads\/2018\/04\/IMG_0117-768x956.jpg 768w, https:\/\/www.lv-hypnose.fr\/wp-content\/uploads\/2018\/04\/IMG_0117-822x1024.jpg 822w, https:\/\/www.lv-hypnose.fr\/wp-content\/uploads\/2018\/04\/IMG_0117-700x872.jpg 700w, https:\/\/www.lv-hypnose.fr\/wp-content\/uploads\/2018\/04\/IMG_0117.jpg 1341w\" sizes=\"(max-width: 172px) 100vw, 172px\" \/><\/p>\n<ul>\n<li>Praticienne en <strong>Hypnose Humaniste<\/strong>, form\u00e9e \u00e0 l\u2019Institut Fran\u00e7ais de Psychologie Energ\u00e9tique Clinique (<span style=\"color: #993300;\"><a style=\"color: #993300;\" href=\"https:\/\/www.ifpec.org\" target=\"_blank\" rel=\"noopener noreferrer\">IFPEC<\/a><\/span>)\n<ul>\n<li>Sp\u00e9cialisation Hypnose pour Enfants et Adolescents (Catherine Bethenod Formation)<\/li>\n<\/ul>\n<\/li>\n<li>Titulaire d&rsquo;un Dipl\u00f4me Universitaire (D.U.) de <strong>Psychoth\u00e9rapie<\/strong>, Universit\u00e9 Claude Bernard Lyon1<\/li>\n<li>Et Docteure en <strong>Sciences du Langage<\/strong>, Universit\u00e9 Lyon2<\/li>\n<\/ul>\n<p>Titulaire d\u2019un <strong>doctorat<\/strong> en Sciences du Langage faisant suite \u00e0 un parcours de jeune enseignant-chercheur en linguistique et communication \u00e0 l&rsquo;Universit\u00e9 Lyon 2, j\u2019ai travaill\u00e9 par la suite dans le monde priv\u00e9 au service des instituts d\u2019\u00e9tudes.<\/p>\n<p>En tant que <strong>psychosociologue<\/strong>, chacune des enqu\u00eates qu\u2019il s\u2019agissait de mener, au-del\u00e0 de son objectif marketing, cherchait avant tout \u00e0 effectuer un diagnostic sur l\u2019exp\u00e9rience ressentie par l\u2019individu, et ainsi mettre en place les solutions prospectives n\u00e9cessaires (accompagnement, outils, services) permettant d\u2019optimiser la relation entre l\u2019homme et son environnement.<\/p>\n<p>Passionn\u00e9e par la relation d\u2019aide \u00e0 l\u2019autre, la d\u00e9couverte de l\u2019Hypnose Humaniste il y a des ann\u00e9es, en parall\u00e8le de mon m\u00e9tier, m\u2019a permis d&rsquo;acqu\u00e9rir des outils formidables pour mieux saisir les comportements humains et avoir acc\u00e8s au meilleur de soi-m\u00eame.<\/p>\n<p>C\u2019est ainsi, qu\u2019au fil des ann\u00e9es, mon cheminement personnel et professionnel m\u2019a dirig\u00e9 naturellement et totalement vers le <strong>m\u00e9tier d\u2019hypnoth\u00e9rapeute<\/strong>.<\/p>\n<p>De mani\u00e8re compl\u00e9mentaire, mes exp\u00e9riences de linguiste et de communicante me permettent \u00e9galement d\u2019avoir une comp\u00e9tence suppl\u00e9mentaire concernant les <strong>troubles langagiers<\/strong> (enfants, adolescents).<\/p>\n<p style=\"text-align: right;\"><strong><span style=\"color: #564741;\">Liliane Vosghanian<\/span><\/strong><\/p>\n<p style=\"text-align: center;\"><em>\u00ab\u00a0Vous devez clore des cycles, non par fiert\u00e9, par orgueil ou par incapacit\u00e9, mais simplement parce que ce qui pr\u00e9c\u00e8de n\u2019a plus sa place dans votre vie\u00a0\u00bb\u00a0<\/em>(Paulo Coelho).<\/p>\n","protected":false},"excerpt":{"rendered":"<p>Je suis\u00a0: Praticienne en Hypnose Humaniste, form\u00e9e \u00e0 l\u2019Institut Fran\u00e7ais de Psychologie Energ\u00e9tique Clinique (IFPEC) Sp\u00e9cialisation Hypnose pour Enfants et Adolescents (Catherine Bethenod Formation) Titulaire d&rsquo;un Dipl\u00f4me Universitaire (D.U.) de Psychoth\u00e9rapie, Universit\u00e9 Claude Bernard Lyon1 Et Docteure en Sciences du Langage, Universit\u00e9 Lyon2 Titulaire d\u2019un doctorat en Sciences du Langage faisant suite \u00e0 un parcours [&hellip;]<\/p>\n","protected":false},"author":1,"featured_media":0,"parent":0,"menu_order":4,"comment_status":"closed","ping_status":"closed","template":"","meta":[],"yoast_head":"<!-- This site is optimized with the Yoast SEO plugin v15.2.1 - https:\/\/yoast.com\/wordpress\/plugins\/seo\/ -->\n<title>Qui suis-je ? - lv-hypnose.fr<\/title>\n<meta name=\"robots\" content=\"index, follow, max-snippet:-1, max-image-preview:large, max-video-preview:-1\" \/>\n<link rel=\"canonical\" href=\"https:\/\/www.lv-hypnose.fr\/index.php\/qui-suis-je\/\" \/>\n<meta property=\"og:locale\" content=\"fr_FR\" \/>\n<meta property=\"og:type\" content=\"article\" \/>\n<meta property=\"og:title\" content=\"Qui suis-je ? - lv-hypnose.fr\" \/>\n<meta property=\"og:description\" content=\"Je suis\u00a0: Praticienne en Hypnose Humaniste, form\u00e9e \u00e0 l\u2019Institut Fran\u00e7ais de Psychologie Energ\u00e9tique Clinique (IFPEC) Sp\u00e9cialisation Hypnose pour Enfants et Adolescents (Catherine Bethenod Formation) Titulaire d&rsquo;un Dipl\u00f4me Universitaire (D.U.) de Psychoth\u00e9rapie, Universit\u00e9 Claude Bernard Lyon1 Et Docteure en Sciences du Langage, Universit\u00e9 Lyon2 Titulaire d\u2019un doctorat en Sciences du Langage faisant suite \u00e0 un parcours [&hellip;]\" \/>\n<meta property=\"og:url\" content=\"https:\/\/www.lv-hypnose.fr\/index.php\/qui-suis-je\/\" \/>\n<meta property=\"og:site_name\" content=\"lv-hypnose.fr\" \/>\n<meta property=\"article:modified_time\" content=\"2020-09-17T12:37:19+00:00\" \/>\n<meta property=\"og:image\" content=\"http:\/\/www.lv-hypnose.fr\/wp-content\/uploads\/2018\/04\/IMG_0117-241x300.jpg\" \/>\n<meta name=\"twitter:card\" content=\"summary_large_image\" \/>\n<meta name=\"twitter:label1\" content=\"\u00c9crit par\">\n\t<meta name=\"twitter:data1\" content=\"admin1261\">\n\t<meta name=\"twitter:label2\" content=\"Dur\u00e9e de lecture est.\">\n\t<meta name=\"twitter:data2\" content=\"1 minute\">\n<script type=\"application\/ld+json\" class=\"yoast-schema-graph\">{\"@context\":\"https:\/\/schema.org\",\"@graph\":[{\"@type\":\"WebSite\",\"@id\":\"http:\/\/www.lv-hypnose.fr\/#website\",\"url\":\"http:\/\/www.lv-hypnose.fr\/\",\"name\":\"lv-hypnose.fr\",\"description\":\"Elevez-vous gr\\u00e2ce \\u00e0 l&#039;Hypnoth\\u00e9rapie\",\"potentialAction\":[{\"@type\":\"SearchAction\",\"target\":\"http:\/\/www.lv-hypnose.fr\/?s={search_term_string}\",\"query-input\":\"required name=search_term_string\"}],\"inLanguage\":\"fr-FR\"},{\"@type\":\"ImageObject\",\"@id\":\"https:\/\/www.lv-hypnose.fr\/index.php\/qui-suis-je\/#primaryimage\",\"inLanguage\":\"fr-FR\",\"url\":\"http:\/\/www.lv-hypnose.fr\/wp-content\/uploads\/2018\/04\/IMG_0117-241x300.jpg\"},{\"@type\":\"WebPage\",\"@id\":\"https:\/\/www.lv-hypnose.fr\/index.php\/qui-suis-je\/#webpage\",\"url\":\"https:\/\/www.lv-hypnose.fr\/index.php\/qui-suis-je\/\",\"name\":\"Qui suis-je ? - lv-hypnose.fr\",\"isPartOf\":{\"@id\":\"http:\/\/www.lv-hypnose.fr\/#website\"},\"primaryImageOfPage\":{\"@id\":\"https:\/\/www.lv-hypnose.fr\/index.php\/qui-suis-je\/#primaryimage\"},\"datePublished\":\"2018-01-12T09:36:18+00:00\",\"dateModified\":\"2020-09-17T12:37:19+00:00\",\"inLanguage\":\"fr-FR\",\"potentialAction\":[{\"@type\":\"ReadAction\",\"target\":[\"https:\/\/www.lv-hypnose.fr\/index.php\/qui-suis-je\/\"]}]}]}<\/script>\n<!-- \/ Yoast SEO plugin. -->","_links":{"self":[{"href":"https:\/\/www.lv-hypnose.fr\/index.php\/wp-json\/wp\/v2\/pages\/63"}],"collection":[{"href":"https:\/\/www.lv-hypnose.fr\/index.php\/wp-json\/wp\/v2\/pages"}],"about":[{"href":"https:\/\/www.lv-hypnose.fr\/index.php\/wp-json\/wp\/v2\/types\/page"}],"author":[{"embeddable":true,"href":"https:\/\/www.lv-hypnose.fr\/index.php\/wp-json\/wp\/v2\/users\/1"}],"replies":[{"embeddable":true,"href":"https:\/\/www.lv-hypnose.fr\/index.php\/wp-json\/wp\/v2\/comments?post=63"}],"version-history":[{"count":14,"href":"https:\/\/www.lv-hypnose.fr\/index.php\/wp-json\/wp\/v2\/pages\/63\/revisions"}],"predecessor-version":[{"id":325,"href":"https:\/\/www.lv-hypnose.fr\/index.php\/wp-json\/wp\/v2\/pages\/63\/revisions\/325"}],"wp:attachment":[{"href":"https:\/\/www.lv-hypnose.fr\/index.php\/wp-json\/wp\/v2\/media?parent=63"}],"curies":[{"name":"wp","href":"https:\/\/api.w.org\/{rel}","templated":true}]}}