{"id":65,"date":"2018-01-12T10:36:36","date_gmt":"2018-01-12T09:36:36","guid":{"rendered":"http:\/\/www.lv-hypnose.fr\/?page_id=65"},"modified":"2023-06-20T19:44:02","modified_gmt":"2023-06-20T17:44:02","slug":"contact","status":"publish","type":"page","link":"https:\/\/www.lv-hypnose.fr\/index.php\/contact\/","title":{"rendered":"Contact et prise de rendez-vous"},"content":{"rendered":"<p>Je consulte \u00e0 mon cabinet, sur rendez-vous\u00a0:<\/p>\n<p><span style=\"color: #993300;\"><strong><a style=\"color: #993300;\" href=\"https:\/\/www.google.fr\/maps\/place\/11+Avenue+Antoine+Dutrievoz,+69100+Villeurbanne\/@45.7709724,4.8597996,17z\/data=!3m1!4b1!4m5!3m4!1s0x47f4ea8f94948913:0x4708df74a698d603!8m2!3d45.7709687!4d4.8619936\">11 Avenue Antoine Dutri\u00e9voz, 69100 Villeurbanne (limite Lyon 6\u00e8me)<\/a><\/strong><\/span><\/p>\n<p>A deux pas du M\u00e9tro Charpennes (Lignes A et B, Tramways T1 et T4)<\/p>\n<p>(Dans le prolongement de l&rsquo;Avenue Thiers et perpendiculaire au Cours Emile Zola \/ Cours Vitton)<\/p>\n<hr \/>\n\n\t\t<div id=\"intergeo_mapwIzM\" class=\"intergeo_map_canvas\" style=\"width:100%;height:300px;width:100%;height:300px;\"><\/div>\n\t\t<script type=\"text\/javascript\">\n\t\t\t\/* <![CDATA[ *\/\n\t\t\tif (!window.intergeo_maps) window.intergeo_maps = [];\n\t\t\twindow.intergeo_maps.push( { container: 'intergeo_mapwIzM', options: {\"lat\":45.7709687,\"lng\":4.8619936,\"zoom\":11,\"overlays\":{\"marker\":[{\"position\":[\"45.770969\",\"4.861994\"],\"icon\":\"https:\\\/\\\/maps.google.com\\\/mapfiles\\\/ms\\\/icons\\\/red-dot.png\",\"info\":\"\",\"title\":\"Cabinet Liliane Vosghanian\",\"loc\":\"11 Avenue Antoine Dutrievoz, Villeurbanne, France\"}]}} } );\n\t\t\tif (!window.intergeo_maps_current) window.intergeo_maps_current = null;\n\t\t\t\/* ]]> *\/\n\t\t<\/script>\n\t\t\n<hr \/>\n<p><span style=\"text-decoration: underline;\">Pour prendre rendez-vous<\/span>\u00a0:<\/p>\n<ul>\n<li>Par t\u00e9l\u00e9phone\u00a0: 06.28.20.14.60<\/li>\n<li>Par mail\u00a0: <span style=\"color: #993300;\"><a style=\"color: #993300;\" href=\"mailto:contact@lv-hypnose.fr\">contact@lv-hypnose.fr<\/a><\/span><\/li>\n<li><span style=\"font-size: inherit;\">Sur<\/span><span style=\"color: #5c0808;\"> <a style=\"color: #5c0808;\" href=\"https:\/\/www.crenolib.fr\/prendre-rdv\/79094_votre-hypnotherapeute-a-lyon-et-villeurbanne\">Crenolib.fr<\/a><\/span><\/li>\n<\/ul>\n\n\n<p><\/p>\n","protected":false},"excerpt":{"rendered":"<p>Je consulte \u00e0 mon cabinet, sur rendez-vous\u00a0: 11 Avenue Antoine Dutri\u00e9voz, 69100 Villeurbanne (limite Lyon 6\u00e8me) A deux pas du M\u00e9tro Charpennes (Lignes A et B, Tramways T1 et T4) (Dans le prolongement de l&rsquo;Avenue Thiers et perpendiculaire au Cours Emile Zola \/ Cours Vitton) Pour prendre rendez-vous\u00a0: Par t\u00e9l\u00e9phone\u00a0: 06.28.20.14.60 Par mail\u00a0: contact@lv-hypnose.fr Sur [&hellip;]<\/p>\n","protected":false},"author":1,"featured_media":0,"parent":0,"menu_order":5,"comment_status":"closed","ping_status":"closed","template":"","meta":[],"yoast_head":"<!-- This site is optimized with the Yoast SEO plugin v15.2.1 - https:\/\/yoast.com\/wordpress\/plugins\/seo\/ -->\n<title>Contact et prise de rendez-vous - lv-hypnose.fr<\/title>\n<meta name=\"robots\" content=\"index, follow, max-snippet:-1, max-image-preview:large, max-video-preview:-1\" \/>\n<link rel=\"canonical\" href=\"http:\/\/www.lv-hypnose.fr\/index.php\/contact\/\" \/>\n<meta property=\"og:locale\" content=\"fr_FR\" \/>\n<meta property=\"og:type\" content=\"article\" \/>\n<meta property=\"og:title\" content=\"Contact et prise de rendez-vous - lv-hypnose.fr\" \/>\n<meta property=\"og:description\" content=\"Je consulte \u00e0 mon cabinet, sur rendez-vous\u00a0: 11 Avenue Antoine Dutri\u00e9voz, 69100 Villeurbanne (limite Lyon 6\u00e8me) A deux pas du M\u00e9tro Charpennes (Lignes A et B, Tramways T1 et T4) (Dans le prolongement de l&rsquo;Avenue Thiers et perpendiculaire au Cours Emile Zola \/ Cours Vitton) Pour prendre rendez-vous\u00a0: Par t\u00e9l\u00e9phone\u00a0: 06.28.20.14.60 Par mail\u00a0: contact@lv-hypnose.fr Sur [&hellip;]\" \/>\n<meta property=\"og:url\" content=\"http:\/\/www.lv-hypnose.fr\/index.php\/contact\/\" \/>\n<meta property=\"og:site_name\" content=\"lv-hypnose.fr\" \/>\n<meta property=\"article:modified_time\" content=\"2023-06-20T17:44:02+00:00\" \/>\n<meta name=\"twitter:card\" content=\"summary_large_image\" \/>\n<meta name=\"twitter:label1\" content=\"\u00c9crit par\">\n\t<meta name=\"twitter:data1\" content=\"admin1261\">\n\t<meta name=\"twitter:label2\" content=\"Dur\u00e9e de lecture est.\">\n\t<meta name=\"twitter:data2\" content=\"0 minute\">\n<script type=\"application\/ld+json\" class=\"yoast-schema-graph\">{\"@context\":\"https:\/\/schema.org\",\"@graph\":[{\"@type\":\"WebSite\",\"@id\":\"http:\/\/www.lv-hypnose.fr\/#website\",\"url\":\"http:\/\/www.lv-hypnose.fr\/\",\"name\":\"lv-hypnose.fr\",\"description\":\"Elevez-vous gr\\u00e2ce \\u00e0 l&#039;Hypnoth\\u00e9rapie\",\"potentialAction\":[{\"@type\":\"SearchAction\",\"target\":\"http:\/\/www.lv-hypnose.fr\/?s={search_term_string}\",\"query-input\":\"required name=search_term_string\"}],\"inLanguage\":\"fr-FR\"},{\"@type\":\"WebPage\",\"@id\":\"http:\/\/www.lv-hypnose.fr\/index.php\/contact\/#webpage\",\"url\":\"http:\/\/www.lv-hypnose.fr\/index.php\/contact\/\",\"name\":\"Contact et prise de rendez-vous - lv-hypnose.fr\",\"isPartOf\":{\"@id\":\"http:\/\/www.lv-hypnose.fr\/#website\"},\"datePublished\":\"2018-01-12T09:36:36+00:00\",\"dateModified\":\"2023-06-20T17:44:02+00:00\",\"inLanguage\":\"fr-FR\",\"potentialAction\":[{\"@type\":\"ReadAction\",\"target\":[\"http:\/\/www.lv-hypnose.fr\/index.php\/contact\/\"]}]}]}<\/script>\n<!-- \/ Yoast SEO plugin. -->","_links":{"self":[{"href":"https:\/\/www.lv-hypnose.fr\/index.php\/wp-json\/wp\/v2\/pages\/65"}],"collection":[{"href":"https:\/\/www.lv-hypnose.fr\/index.php\/wp-json\/wp\/v2\/pages"}],"about":[{"href":"https:\/\/www.lv-hypnose.fr\/index.php\/wp-json\/wp\/v2\/types\/page"}],"author":[{"embeddable":true,"href":"https:\/\/www.lv-hypnose.fr\/index.php\/wp-json\/wp\/v2\/users\/1"}],"replies":[{"embeddable":true,"href":"https:\/\/www.lv-hypnose.fr\/index.php\/wp-json\/wp\/v2\/comments?post=65"}],"version-history":[{"count":47,"href":"https:\/\/www.lv-hypnose.fr\/index.php\/wp-json\/wp\/v2\/pages\/65\/revisions"}],"predecessor-version":[{"id":338,"href":"https:\/\/www.lv-hypnose.fr\/index.php\/wp-json\/wp\/v2\/pages\/65\/revisions\/338"}],"wp:attachment":[{"href":"https:\/\/www.lv-hypnose.fr\/index.php\/wp-json\/wp\/v2\/media?parent=65"}],"curies":[{"name":"wp","href":"https:\/\/api.w.org\/{rel}","templated":true}]}}